{"id":276,"date":"2024-10-12T20:57:03","date_gmt":"2024-10-12T18:57:03","guid":{"rendered":"https:\/\/carolinasepulveda.fr\/?page_id=276"},"modified":"2024-10-13T00:29:10","modified_gmt":"2024-10-12T22:29:10","slug":"a-propos-de-moi","status":"publish","type":"page","link":"https:\/\/carolinasepulveda.fr\/?page_id=276","title":{"rendered":"\u00c0 propos de moi"},"content":{"rendered":"\n<div class=\"wp-block-columns is-layout-flex wp-container-core-columns-is-layout-1 wp-block-columns-is-layout-flex\">\n<div class=\"wp-block-column is-layout-flow wp-block-column-is-layout-flow\" style=\"flex-basis:75%\">\n<p>N\u00e9e en 1978 au Chili, mon parcours artistique est profond\u00e9ment enracin\u00e9 dans une tradition textile familiale, entour\u00e9e d\u2019artisanes, de tricoteuses et de brodeuses. Mes premi\u00e8res exp\u00e9riences cr\u00e9atives se sont forg\u00e9es \u00e0 travers des heures de broderie et de tricot, notamment durant mes \u00e9tudes secondaires dans un \u00e9tablissement dirig\u00e9 par des bonnes s\u0153urs.<\/p>\n\n\n\n<p>Apr\u00e8s avoir obtenu un dipl\u00f4me et un master en lettres \u00e0 l\u2019Universit\u00e9 Catholique du Chili, ma passion pour l\u2019\u00e9criture m\u2019a men\u00e9e \u00e0 publier mon livre Antimujer en 2004, gr\u00e2ce \u00e0 la bourse de la Fondation Neruda. Arriv\u00e9e en France en 2005, j\u2019ai \u00e9galement explor\u00e9 le monde du th\u00e9\u00e2tre \u00e0 Lille, participant \u00e0 divers projets li\u00e9s \u00e0 l\u2019art de la sc\u00e8ne.<\/p>\n<\/div>\n\n\n\n<div class=\"wp-block-column is-layout-flow wp-block-column-is-layout-flow\" style=\"flex-basis:25%\">\n<figure class=\"wp-block-image aligncenter size-full is-resized\"><img loading=\"lazy\" decoding=\"async\" width=\"212\" height=\"272\" src=\"http:\/\/carolinasepulveda.fr\/wp-content\/uploads\/2024\/10\/caro2.webp\" alt=\"\" class=\"wp-image-365\" style=\"width:196px;height:auto\"\/><\/figure>\n<\/div>\n<\/div>\n\n\n\n<p>Depuis 2019, je r\u00e9investis l\u2019univers de la broderie, cr\u00e9ant des \u0153uvres contemporaines qui allient po\u00e9sie et imaginaire f\u00e9ministe. Actuellement, j\u2019expose au Grand Bassin pr\u00e8s du Mus\u00e9e de la Piscine \u00e0 Roubaix. En 2023, j\u2019ai eu l\u2019honneur de pr\u00e9senter mon travail au Centre d\u2019Arts Idem+Arts \u00e0 Maubeuge et de r\u00e9aliser une r\u00e9sidence au centre d\u2019art Le QuARTier \u00e0 Fresnes sur Escaut, o\u00f9 j\u2019ai mont\u00e9 l\u2019exposition Broder les Ailes. Mes \u0153uvres continuent d\u2019\u00eatre expos\u00e9es, avec une participation \u00e0 l\u2019exposition collective Broder\/D\u00e9border entre mars et mai de 2024 et une exposition \u00e0 l\u2019Espace Pignon \u00e0 Lille ( juin 2024) , Des Fils et des racines.<\/p>\n\n\n\n<p><\/p>\n","protected":false},"excerpt":{"rendered":"<p>N\u00e9e en 1978 au Chili, mon parcours artistique est profond\u00e9ment enracin\u00e9 dans une tradition textile familiale, entour\u00e9e d\u2019artisanes, de tricoteuses et de brodeuses. Mes premi\u00e8res exp\u00e9riences cr\u00e9atives se sont forg\u00e9es \u00e0 travers des heures de broderie et de tricot, notamment durant mes \u00e9tudes secondaires dans un \u00e9tablissement dirig\u00e9 par des bonnes s\u0153urs. Apr\u00e8s avoir obtenu [&hellip;]<\/p>\n","protected":false},"author":1,"featured_media":0,"parent":0,"menu_order":0,"comment_status":"closed","ping_status":"closed","template":"","meta":{"footnotes":""},"class_list":["post-276","page","type-page","status-publish","hentry"],"_links":{"self":[{"href":"https:\/\/carolinasepulveda.fr\/index.php?rest_route=\/wp\/v2\/pages\/276","targetHints":{"allow":["GET"]}}],"collection":[{"href":"https:\/\/carolinasepulveda.fr\/index.php?rest_route=\/wp\/v2\/pages"}],"about":[{"href":"https:\/\/carolinasepulveda.fr\/index.php?rest_route=\/wp\/v2\/types\/page"}],"author":[{"embeddable":true,"href":"https:\/\/carolinasepulveda.fr\/index.php?rest_route=\/wp\/v2\/users\/1"}],"replies":[{"embeddable":true,"href":"https:\/\/carolinasepulveda.fr\/index.php?rest_route=%2Fwp%2Fv2%2Fcomments&post=276"}],"version-history":[{"count":6,"href":"https:\/\/carolinasepulveda.fr\/index.php?rest_route=\/wp\/v2\/pages\/276\/revisions"}],"predecessor-version":[{"id":366,"href":"https:\/\/carolinasepulveda.fr\/index.php?rest_route=\/wp\/v2\/pages\/276\/revisions\/366"}],"wp:attachment":[{"href":"https:\/\/carolinasepulveda.fr\/index.php?rest_route=%2Fwp%2Fv2%2Fmedia&parent=276"}],"curies":[{"name":"wp","href":"https:\/\/api.w.org\/{rel}","templated":true}]}}